{"id":955,"date":"2024-12-04T11:56:06","date_gmt":"2024-12-04T10:56:06","guid":{"rendered":"https:\/\/sergentpeanuts.fr\/?page_id=955"},"modified":"2024-12-04T11:56:06","modified_gmt":"2024-12-04T10:56:06","slug":"mentions-legales","status":"publish","type":"page","link":"https:\/\/sergentpeanuts.fr\/?page_id=955","title":{"rendered":"Mentions l\u00e9gales"},"content":{"rendered":"\n<p>Sergent peanuts<\/p>\n\n\n\n<figure class=\"wp-block-image size-full\"><img loading=\"lazy\" decoding=\"async\" width=\"972\" height=\"972\" src=\"https:\/\/sergentpeanuts.fr\/wp-content\/uploads\/2023\/12\/IMG_20230428_165556-ANIMATION.gif\" alt=\"\" class=\"wp-image-565\"\/><\/figure>\n\n\n\n<p>studio@sergentpeanuts-fr<\/p>\n\n\n\n<p>Alexandre Petit-barat &#8211; 6 rue de l&rsquo;aiguillerie 30510 G\u00e9n\u00e9rac France<\/p>\n\n\n\n<p>SIRET<br>84008667200010<\/p>\n\n\n\n<p>H\u00e9bergeur : Hostinger.fr<\/p>\n","protected":false},"excerpt":{"rendered":"<p>Sergent peanuts studio@sergentpeanuts-fr Alexandre Petit-barat &#8211; 6 rue de l&rsquo;aiguillerie 30510 G\u00e9n\u00e9rac France SIRET84008667200010 H\u00e9bergeur : Hostinger.fr<\/p>\n","protected":false},"author":1,"featured_media":0,"parent":0,"menu_order":0,"comment_status":"closed","ping_status":"closed","template":"","meta":{"footnotes":""},"class_list":["post-955","page","type-page","status-publish","hentry"],"_links":{"self":[{"href":"https:\/\/sergentpeanuts.fr\/index.php?rest_route=\/wp\/v2\/pages\/955","targetHints":{"allow":["GET"]}}],"collection":[{"href":"https:\/\/sergentpeanuts.fr\/index.php?rest_route=\/wp\/v2\/pages"}],"about":[{"href":"https:\/\/sergentpeanuts.fr\/index.php?rest_route=\/wp\/v2\/types\/page"}],"author":[{"embeddable":true,"href":"https:\/\/sergentpeanuts.fr\/index.php?rest_route=\/wp\/v2\/users\/1"}],"replies":[{"embeddable":true,"href":"https:\/\/sergentpeanuts.fr\/index.php?rest_route=%2Fwp%2Fv2%2Fcomments&post=955"}],"version-history":[{"count":1,"href":"https:\/\/sergentpeanuts.fr\/index.php?rest_route=\/wp\/v2\/pages\/955\/revisions"}],"predecessor-version":[{"id":956,"href":"https:\/\/sergentpeanuts.fr\/index.php?rest_route=\/wp\/v2\/pages\/955\/revisions\/956"}],"wp:attachment":[{"href":"https:\/\/sergentpeanuts.fr\/index.php?rest_route=%2Fwp%2Fv2%2Fmedia&parent=955"}],"curies":[{"name":"wp","href":"https:\/\/api.w.org\/{rel}","templated":true}]}}